{"id":300,"date":"2026-02-10T19:46:17","date_gmt":"2026-02-10T22:46:17","guid":{"rendered":"https:\/\/nutriciondivina.com\/?post_type=product&#038;p=300"},"modified":"2026-02-10T19:50:02","modified_gmt":"2026-02-10T22:50:02","slug":"reto-gratuito-sanando","status":"publish","type":"product","link":"https:\/\/nutriciondivina.com\/?product=reto-gratuito-sanando","title":{"rendered":"Reto Gratuito: SANANDO"},"content":{"rendered":"<p>Bienvenida a este espacio \u00edntimo, cuidado y amoroso \ud83e\udd0d<\/p>\n<p>Este reto gratuito SANANDO, se llevar\u00e1 a cabo los d\u00edas:<\/p>\n<p>\ud83d\udcc5 Martes 3, mi\u00e9rcoles 4 y jueves 5 de marzo.<\/p>\n<p>\ud83c\udf93 Cierre especial: viernes 6 con una clase gratuita donde hablaremos sobre los \u00ab3 pilares que necesitamos trabajar para descender la grasa corporal de forma real y sostenida\u00bb.<\/p>\n<p>\ud83c\udf3f INTENCI\u00d3N DE ESTE RETO:<\/p>\n<p>Este no es un reto para bajar kilos en 3 d\u00edas.<br \/>\nEs un espacio para que puedas soltar la exigencia, escucharte, y empezar a construir una relaci\u00f3n m\u00e1s sana con tu cuerpo y con la comida.<\/p>\n<p>El objetivo es que, al finalizar estos d\u00edas, puedas sentir:<br \/>\n\u2728 alivio<br \/>\n\u2728 m\u00e1s claridad<br \/>\n\u2728 menos culpa<br \/>\n\u2728 m\u00e1s confianza en vos y en el proceso.<\/p>\n<p>Y que desde ah\u00ed puedas decir:<\/p>\n<p>\u201cS\u00ed, es posible cuidarme sin castigarme.\u201d<\/p>\n<p>\ud83d\udcac \u00bfC\u00d3MO FUNCIONA EL RETO?<\/p>\n<p>Durante cada d\u00eda vas a recibir:<br \/>\n\ud83d\udd38 1 audio (breve, profundo y amoroso).<br \/>\n\ud83d\udd38 1 ejercicio simple e introspectivo.<br \/>\n\ud83d\udd38 1 consigna liviana para interactuar en el grupo.<\/p>\n<p>\ud83d\udc49 No hace falta responder todo ni exponerte si no lo sent\u00eds.<\/p>\n<p>Pod\u00e9s participar a tu ritmo, incluso solo leyendo y haciendo los ejercicios para vos.<\/p>\n<p>Este no es un lugar para exigirte m\u00e1s.<\/p>\n<p>Es un lugar para permitirte ser vulnerable y honesta con vos misma.<\/p>\n<p>\ud83c\udf31 SI PON\u00c9S EN PR\u00c1CTICA EL RETO, POD\u00c9S OBTENER:<br \/>\n\u2714\ufe0f Una mirada distinta sobre tu cuerpo<br \/>\n\u2714\ufe0f Menos pelea con la comida<br \/>\n\u2714\ufe0f M\u00e1s registro de tus emociones<br \/>\n\u2714\ufe0f Mayor calma mental<br \/>\n\u2714\ufe0f Una base real para comenzar a descender grasa corporal sin extremos.<\/p>\n<p>No buscamos perfecci\u00f3n.<br \/>\nBuscamos conciencia, cuidado y constancia posible.<\/p>\n<p>Permitite estos d\u00edas.<br \/>\nA veces, sanar empieza simplemente dejando de pelearte con vos&#8230;para que este 2.026 puedas alcanzar tus objetivos desde otro lugar \ud83e\udd0d<\/p>\n<p><strong>Importante<\/strong>: El link para acceder al grupo de Whatsapp se te envia por mail apenas reserves tu cupo por nuestra p\u00e1gina, con los datos del reto<\/p>\n","protected":false},"excerpt":{"rendered":"<p>Bienvenida a este espacio \u00edntimo, cuidado y amoroso \ud83e\udd0d Este reto gratuito SANANDO, se llevar\u00e1 a cabo los d\u00edas: \ud83d\udcc5 Martes 3, mi\u00e9rcoles 4 y jueves 5 de marzo. \ud83c\udf93 Cierre especial: viernes 6 con una clase gratuita donde hablaremos sobre los \u00ab3 pilares que necesitamos trabajar para descender la grasa corporal de forma real [&hellip;]<\/p>\n","protected":false},"featured_media":301,"template":"","meta":{"_et_pb_use_builder":"","_et_pb_old_content":"","_et_gb_content_width":""},"product_brand":[],"product_cat":[23],"product_tag":[],"class_list":{"0":"post-300","1":"product","2":"type-product","3":"status-publish","4":"has-post-thumbnail","6":"product_cat-retos","8":"first","9":"instock","10":"virtual","11":"purchasable","12":"product-type-simple"},"_links":{"self":[{"href":"https:\/\/nutriciondivina.com\/index.php?rest_route=\/wp\/v2\/product\/300","targetHints":{"allow":["GET"]}}],"collection":[{"href":"https:\/\/nutriciondivina.com\/index.php?rest_route=\/wp\/v2\/product"}],"about":[{"href":"https:\/\/nutriciondivina.com\/index.php?rest_route=\/wp\/v2\/types\/product"}],"wp:featuredmedia":[{"embeddable":true,"href":"https:\/\/nutriciondivina.com\/index.php?rest_route=\/wp\/v2\/media\/301"}],"wp:attachment":[{"href":"https:\/\/nutriciondivina.com\/index.php?rest_route=%2Fwp%2Fv2%2Fmedia&parent=300"}],"wp:term":[{"taxonomy":"product_brand","embeddable":true,"href":"https:\/\/nutriciondivina.com\/index.php?rest_route=%2Fwp%2Fv2%2Fproduct_brand&post=300"},{"taxonomy":"product_cat","embeddable":true,"href":"https:\/\/nutriciondivina.com\/index.php?rest_route=%2Fwp%2Fv2%2Fproduct_cat&post=300"},{"taxonomy":"product_tag","embeddable":true,"href":"https:\/\/nutriciondivina.com\/index.php?rest_route=%2Fwp%2Fv2%2Fproduct_tag&post=300"}],"curies":[{"name":"wp","href":"https:\/\/api.w.org\/{rel}","templated":true}]}}