{"id":208,"date":"2025-08-20T08:41:33","date_gmt":"2025-08-20T11:41:33","guid":{"rendered":"https:\/\/nutriciondivina.com\/?post_type=product&#038;p=208"},"modified":"2025-10-31T19:26:25","modified_gmt":"2025-10-31T22:26:25","slug":"e-book-60-formas-de-sumar-verduras-a-tu-alimentacion","status":"publish","type":"product","link":"https:\/\/nutriciondivina.com\/?product=e-book-60-formas-de-sumar-verduras-a-tu-alimentacion","title":{"rendered":"E-book \u201c60 formas de sumar verduras a tu alimentaci\u00f3n\u201d"},"content":{"rendered":"<p>La gu\u00eda que transforma tu forma de comer verduras: f\u00e1cil, rica y que realmente vas a disfrutar.<\/p>\n<p>\u00bfSent\u00eds que en oto\u00f1o-invierno te gana la rutina, termin\u00e1s comiendo siempre lo mismo y la verdura queda olvidada?<br \/>\n\u00bfQuer\u00e9s comer m\u00e1s sano pero te faltan ideas simples y sabrosas que puedas hacer con lo que ten\u00e9s a mano?<br \/>\nEste e-book es tu aliado para que alimentarte bien sea un placer, no una carga.<\/p>\n<p>Es una gu\u00eda digital que te acompa\u00f1a paso a paso con 60 recetas nutritivas y reconfortantes, pensadas para esos d\u00edas en los que quer\u00e9s cuidarte, pero sin complicarte. Todas con verduras de estaci\u00f3n, reales, accesibles y llenas de sabor.<\/p>\n<p>Pod\u00e9s usarla como un plan pr\u00e1ctico de 30 d\u00edas para almuerzos y cenas, o como una fuente de inspiraci\u00f3n cada vez que quieras sumar color, variedad y salud a tu plato.<\/p>\n<p>&#8212;<\/p>\n<p>\ud83c\udf31 En este e-book vas a encontrar:<\/p>\n<p>\u2714\ufe0f 60 recetas saludables, ideales para oto\u00f1o e invierno (y que pod\u00e9s disfrutar todo el a\u00f1o).<br \/>\n\u2714\ufe0f Ingredientes simples, f\u00e1ciles de conseguir y al alcance de tu bolsillo.<br \/>\n\u2714\ufe0f Pasos claros, explicados de forma simple.<br \/>\n\u2714\ufe0f \u00cdconos que te muestran si la receta es:<br \/>\n\u2022\u2060 \u2060Ideal para principiantes<br \/>\n\u2022\u2060 \u2060R\u00e1pida de preparar<br \/>\n\u2022\u2060 \u2060Apta para freezar<\/p>\n<p>\u2714\ufe0f Cada receta incluye un mini recordatorio de sus beneficios, para que sepas c\u00f3mo cada bocado cuida tu cuerpo y tu bienestar desde adentro.<\/p>\n<p>\u2714\ufe0f Opciones para todos los gustos: al horno, salteadas, guisos, sopas, ensaladas tibias, revueltos, rellenos \u00a1y m\u00e1s!<\/p>\n<p>&#8212;<\/p>\n<p>\ud83c\udf72 Este e-book es para vos si\u2026<\/p>\n<p>\u2728 Quer\u00e9s comer m\u00e1s verduras, pero no sab\u00e9s c\u00f3mo hacerlas para que te encanten.<br \/>\n\u2728 Te aburriste de repetir siempre las mismas preparaciones.<br \/>\n\u2728 Ten\u00e9s poco tiempo y quer\u00e9s recetas que realmente puedas hacer.<br \/>\n\u2728 Est\u00e1s en el camino de mejorar tu alimentaci\u00f3n y necesit\u00e1s un empuj\u00f3n claro y motivador.<br \/>\n\u2728 Busc\u00e1s sentirte m\u00e1s liviana, con energ\u00eda y con una digesti\u00f3n m\u00e1s liviana.<\/p>\n<p>&#8212;<\/p>\n<p>\ud83d\udc69\u200d\u2695\ufe0f Lic. Tatiana Mielnichuk \u00b7 Nutrici\u00f3n Integral<\/p>\n<p>&#8212;<\/p>\n<p>\ud83d\udce5 Descarg\u00e1 tu gu\u00eda hoy y empez\u00e1 a transformar tus comidas<br \/>\nUna sola inversi\u00f3n para tener ideas todo el invierno\u2026 \u00a1y para el resto del a\u00f1o tambi\u00e9n!<\/p>\n","protected":false},"excerpt":{"rendered":"<p>La gu\u00eda que transforma tu forma de comer verduras: f\u00e1cil, rica y que realmente vas a disfrutar. \u00bfSent\u00eds que en oto\u00f1o-invierno te gana la rutina, termin\u00e1s comiendo siempre lo mismo y la verdura queda olvidada? \u00bfQuer\u00e9s comer m\u00e1s sano pero te faltan ideas simples y sabrosas que puedas hacer con lo que ten\u00e9s a mano? [&hellip;]<\/p>\n","protected":false},"featured_media":209,"template":"","meta":{"_et_pb_use_builder":"","_et_pb_old_content":"","_et_gb_content_width":""},"product_brand":[],"product_cat":[22],"product_tag":[],"class_list":{"0":"post-208","1":"product","2":"type-product","3":"status-publish","4":"has-post-thumbnail","6":"product_cat-e-books","8":"first","9":"instock","10":"downloadable","11":"shipping-taxable","12":"purchasable","13":"product-type-simple"},"_links":{"self":[{"href":"https:\/\/nutriciondivina.com\/index.php?rest_route=\/wp\/v2\/product\/208","targetHints":{"allow":["GET"]}}],"collection":[{"href":"https:\/\/nutriciondivina.com\/index.php?rest_route=\/wp\/v2\/product"}],"about":[{"href":"https:\/\/nutriciondivina.com\/index.php?rest_route=\/wp\/v2\/types\/product"}],"wp:featuredmedia":[{"embeddable":true,"href":"https:\/\/nutriciondivina.com\/index.php?rest_route=\/wp\/v2\/media\/209"}],"wp:attachment":[{"href":"https:\/\/nutriciondivina.com\/index.php?rest_route=%2Fwp%2Fv2%2Fmedia&parent=208"}],"wp:term":[{"taxonomy":"product_brand","embeddable":true,"href":"https:\/\/nutriciondivina.com\/index.php?rest_route=%2Fwp%2Fv2%2Fproduct_brand&post=208"},{"taxonomy":"product_cat","embeddable":true,"href":"https:\/\/nutriciondivina.com\/index.php?rest_route=%2Fwp%2Fv2%2Fproduct_cat&post=208"},{"taxonomy":"product_tag","embeddable":true,"href":"https:\/\/nutriciondivina.com\/index.php?rest_route=%2Fwp%2Fv2%2Fproduct_tag&post=208"}],"curies":[{"name":"wp","href":"https:\/\/api.w.org\/{rel}","templated":true}]}}